{"id":1573,"date":"2020-02-17T14:08:49","date_gmt":"2020-02-17T13:08:49","guid":{"rendered":"https:\/\/www.outside-thebox.ch\/v2\/?page_id=1573"},"modified":"2025-12-19T16:34:25","modified_gmt":"2025-12-19T15:34:25","slug":"kids","status":"publish","type":"page","link":"https:\/\/www.outside-thebox.ch\/de\/kids\/","title":{"rendered":"Kids"},"content":{"rendered":"<p>[et_pb_section fb_built=&#8220;1&#8243; fullwidth=&#8220;on&#8220; _builder_version=&#8220;4.16&#8243; global_colors_info=&#8220;{}&#8220;][et_pb_fullwidth_slider show_arrows=&#8220;off&#8220; _builder_version=&#8220;4.20.4&#8243; min_height=&#8220;60vh&#8220; min_height_tablet=&#8220;50vh&#8220; min_height_phone=&#8220;50vh&#8220; min_height_last_edited=&#8220;on|phone&#8220; max_height=&#8220;60vh&#8220; max_height_tablet=&#8220;50vh&#8220; max_height_phone=&#8220;50vh&#8220; max_height_last_edited=&#8220;on|desktop&#8220; custom_margin=&#8220;||-4px|||&#8220; custom_padding=&#8220;||4px|||&#8220; link_option_url=&#8220;https:\/\/grosseskinofuerdiekleinen.ch\/&#8220; link_option_url_new_window=&#8220;on&#8220; global_colors_info=&#8220;{}&#8220;][et_pb_slide use_bg_overlay=&#8220;off&#8220; use_text_overlay=&#8220;off&#8220; _builder_version=&#8220;4.20.4&#8243; header_font=&#8220;|||on|||||&#8220; header_text_align=&#8220;left&#8220; body_font=&#8220;|300||on|||||&#8220; body_text_align=&#8220;left&#8220; body_text_color=&#8220;#ffffff&#8220; body_font_size=&#8220;25px&#8220; body_line_height=&#8220;0.6em&#8220; background_image=&#8220;https:\/\/www.outside-thebox.ch\/v2\/wp-content\/uploads\/2025\/05\/Banner_kids_DE-scaled.jpg&#8220; background_enable_image=&#8220;on&#8220; background_position=&#8220;bottom_center&#8220; text_orientation=&#8220;left&#8220; body_font_size_tablet=&#8220;17px&#8220; body_font_size_phone=&#8220;14px&#8220; body_font_size_last_edited=&#8220;on|phone&#8220; background_last_edited=&#8220;on|desktop&#8220; parallax_tablet=&#8220;off&#8220; parallax_phone=&#8220;off&#8220; background_size_phone=&#8220;cover&#8220; background_position_phone=&#8220;bottom_center&#8220; global_colors_info=&#8220;{}&#8220; sticky_transition=&#8220;on&#8220;][\/et_pb_slide][\/et_pb_fullwidth_slider][\/et_pb_section][et_pb_section fb_built=&#8220;1&#8243; _builder_version=&#8220;4.16&#8243; custom_padding=&#8220;6px||3px|||&#8220; global_colors_info=&#8220;{}&#8220;][et_pb_row _builder_version=&#8220;4.16&#8243; global_colors_info=&#8220;{}&#8220;][et_pb_column type=&#8220;4_4&#8243; _builder_version=&#8220;4.16&#8243; global_colors_info=&#8220;{}&#8220;][et_pb_text _builder_version=&#8220;4.16&#8243; custom_padding=&#8220;0px|||||&#8220; global_colors_info=&#8220;{}&#8220;]<\/p>\n<p style=\"text-align: justify;\"><strong>Outside the Box Kids<\/strong><span>, <em>Grosses Kino f\u00fcr die Kleinen<\/em>\u00a0l\u00e4dt\u00a0Kinder zum Tr\u00e4umen, Lachen und Staunen im Kino ein. Mit unserem\u00a0Kids-Programm sprechen wir die kleinen Kinder (3-6\u00a0Jahre) und ihre\u00a0Eltern, Grosseltern, Freunde und Lehrer*innen an, gemeinsam in die Welt\u00a0der Kinofilme einzutauchen. F\u00fcr jedes \u00a0Filmprogramm\u00a0konzipieren wir Spiel- und Mahlhefte, die das Kinoerlebnis zu Hause oder in\u00a0der\u00a0Schule vorbereiten oder die Filmwelt im Kinderzimmer zum Leben\u00a0erwecken.<\/span><\/p>\n<p>[\/et_pb_text][\/et_pb_column][\/et_pb_row][et_pb_row column_structure=&#8220;2_3,1_3&#8243; _builder_version=&#8220;4.16&#8243; locked=&#8220;off&#8220; global_colors_info=&#8220;{}&#8220;][et_pb_column type=&#8220;2_3&#8243; _builder_version=&#8220;4.16&#8243; global_colors_info=&#8220;{}&#8220;][et_pb_text _builder_version=&#8220;4.16&#8243; custom_margin=&#8220;-32px|||||&#8220; global_colors_info=&#8220;{}&#8220;]<\/p>\n<p style=\"text-align: left;\"><strong>Unser Kinoprogramm\u00a0\u00a0<a href=\"https:\/\/grosseskinofuerdiekleinen.ch\/\" target=\"_blank\" rel=\"noopener noreferrer\">GROSSES KINO F\u00dcR DIE KLEINEN\u00a0<\/a>entdecken<\/strong><\/p>\n<div class=\"\">Wir laden dich ein, das Kino auf der grossen Leinwand zu geniessen, zu tr\u00e4umen und Spass zu haben.<br class=\"\" \/>In Begleitung deiner Eltern, deiner Familie oder deiner Freunde entdeckst du jeden Monat einen neuen\u00a0Film, der dich wachsen und die Welt um dich herum verstehen l\u00e4sst.<br class=\"\" \/>Dank unserer unterhaltsamen Aktivit\u00e4ten k\u00f6nnt Ihr Eure Erfahrungen zu Hause oder in der Schule\u00a0vorbereiten oder weiterleben.<br class=\"\" \/><br class=\"\" \/><\/div>\n<div class=\"\">Auf was wartest Du noch, ab ins <a href=\"https:\/\/grosseskinofuerdiekleinen.ch\/\" target=\"_blank\" rel=\"noopener noreferrer\">grosse Kino f\u00fcr die Kleinen<\/a>.<\/div>\n<p>[\/et_pb_text][\/et_pb_column][et_pb_column type=&#8220;1_3&#8243; _builder_version=&#8220;4.16&#8243; global_colors_info=&#8220;{}&#8220;][et_pb_button button_url=&#8220;https:\/\/grosseskinofuerdiekleinen.ch\/&#8220; url_new_window=&#8220;on&#8220; button_text=&#8220;Grosses Kino f\u00fcr die Kleinen&#8220; button_alignment=&#8220;left&#8220; disabled_on=&#8220;off|off|off&#8220; _builder_version=&#8220;4.16&#8243; _module_preset=&#8220;default&#8220; custom_button=&#8220;on&#8220; button_text_color=&#8220;#040872&#8243; custom_margin=&#8220;15%||||false|false&#8220; global_colors_info=&#8220;{}&#8220;][\/et_pb_button][\/et_pb_column][\/et_pb_row][et_pb_row column_structure=&#8220;1_2,1_2&#8243; _builder_version=&#8220;4.16&#8243; _module_preset=&#8220;default&#8220; global_colors_info=&#8220;{}&#8220;][et_pb_column type=&#8220;1_2&#8243; _builder_version=&#8220;4.16&#8243; _module_preset=&#8220;default&#8220; global_colors_info=&#8220;{}&#8220;][et_pb_button button_url=&#8220;https:\/\/www.outside-thebox.ch\/v2\/wp-content\/uploads\/2025\/12\/Flyer_SAISON26_Jan-Apr_CHD_WEB.pdf&#8220; url_new_window=&#8220;on&#8220; button_text=&#8220;Programm von Januar bis April 2026&#8243; button_alignment=&#8220;left&#8220; _builder_version=&#8220;4.20.4&#8243; _module_preset=&#8220;default&#8220; hover_enabled=&#8220;0&#8243; global_colors_info=&#8220;{}&#8220; sticky_enabled=&#8220;0&#8243;][\/et_pb_button][\/et_pb_column][et_pb_column type=&#8220;1_2&#8243; _builder_version=&#8220;4.16&#8243; _module_preset=&#8220;default&#8220; global_colors_info=&#8220;{}&#8220;][et_pb_button button_url=&#8220;https:\/\/www.outside-thebox.ch\/de\/cinemas-de\/&#8220; button_text=&#8220;Kinospielzeiten&#8220; button_alignment=&#8220;left&#8220; _builder_version=&#8220;4.20.4&#8243; _module_preset=&#8220;default&#8220; global_colors_info=&#8220;{}&#8220;][\/et_pb_button][\/et_pb_column][\/et_pb_row][\/et_pb_section][et_pb_section fb_built=&#8220;1&#8243; _builder_version=&#8220;4.16&#8243; custom_padding=&#8220;2px||0px|||&#8220; global_colors_info=&#8220;{}&#8220;][et_pb_row use_custom_gutter=&#8220;on&#8220; make_equal=&#8220;on&#8220; _builder_version=&#8220;4.16&#8243; custom_padding=&#8220;60px|||||&#8220; global_colors_info=&#8220;{}&#8220;][et_pb_column type=&#8220;4_4&#8243; _builder_version=&#8220;4.16&#8243; global_colors_info=&#8220;{}&#8220;][et_pb_blog posts_number=&#8220;999&#8243; include_categories=&#8220;26&#8243; show_author=&#8220;off&#8220; show_date=&#8220;off&#8220; show_categories=&#8220;off&#8220; module_class=&#8220;dt-poster-blog&#8220; _builder_version=&#8220;4.16&#8243; header_font=&#8220;|||on|||||&#8220; background_color=&#8220;#ffffff&#8220; background_enable_image=&#8220;off&#8220; min_height=&#8220;517px&#8220; custom_padding=&#8220;||2px|||&#8220; animation_style=&#8220;fade&#8220; box_shadow_style_image=&#8220;preset3&#8243; global_colors_info=&#8220;{}&#8220;][\/et_pb_blog][\/et_pb_column][\/et_pb_row][\/et_pb_section]<\/p>\n","protected":false},"excerpt":{"rendered":"<p>Outside the Box Kids, Grosses Kino f\u00fcr die Kleinen\u00a0l\u00e4dt\u00a0Kinder zum Tr\u00e4umen, Lachen und Staunen im Kino ein. Mit unserem\u00a0Kids-Programm sprechen wir die kleinen Kinder (3-6\u00a0Jahre) und ihre\u00a0Eltern, Grosseltern, Freunde und Lehrer*innen an, gemeinsam in die Welt\u00a0der Kinofilme einzutauchen. F\u00fcr jedes \u00a0Filmprogramm\u00a0konzipieren wir Spiel- und Mahlhefte, die das Kinoerlebnis zu Hause oder in\u00a0der\u00a0Schule vorbereiten oder die [&hellip;]<\/p>\n","protected":false},"author":1,"featured_media":0,"parent":0,"menu_order":9,"comment_status":"closed","ping_status":"closed","template":"","meta":{"_et_pb_use_builder":"on","_et_pb_old_content":"<p>[et_pb_section fb_built=\"1\" fullwidth=\"on\" _builder_version=\"4.0.7\"][et_pb_fullwidth_slider show_arrows=\"off\" _builder_version=\"4.0.7\" min_height=\"60vh\" min_height_tablet=\"50vh\" min_height_phone=\"50vh\" min_height_last_edited=\"on|phone\" max_height=\"60vh\" max_height_tablet=\"50vh\" max_height_phone=\"50vh\" max_height_last_edited=\"on|desktop\" custom_margin=\"||-4px|||\" custom_padding=\"||4px|||\"][et_pb_slide heading=\"the end of meat\" use_bg_overlay=\"off\" use_text_overlay=\"off\" _builder_version=\"4.0.7\" header_font=\"|||on|||||\" header_text_align=\"left\" body_font=\"|300||on|||||\" body_text_align=\"left\" body_text_color=\"#ffffff\" body_font_size=\"25px\" body_line_height=\"0.6em\" background_image=\"https:\/\/www.outside-thebox.ch\/v2\/wp-content\/uploads\/2019\/11\/EndofMeat_3_16x9-scaled.jpg\" background_enable_image=\"on\" parallax=\"on\" text_orientation=\"left\" body_font_size_tablet=\"17px\" body_font_size_phone=\"14px\" body_font_size_last_edited=\"on|phone\" background_last_edited=\"on|desktop\" parallax_tablet=\"off\" parallax_phone=\"off\" background_size_phone=\"cover\" background_position_phone=\"bottom_center\"]<\/p><p>disponible en vod<\/p><p>[\/et_pb_slide][\/et_pb_fullwidth_slider][\/et_pb_section][et_pb_section fb_built=\"1\" _builder_version=\"4.0.6\" custom_padding=\"6px||3px|||\"][et_pb_row _builder_version=\"4.0.6\"][et_pb_column type=\"4_4\" _builder_version=\"4.0.6\"][et_pb_text _builder_version=\"4.0.6\"]<\/p><p><strong>Outside the box vous propose des films engag\u00e9s qui traitent des th\u00e9matiques actuelles et permettent de d\u00e9velopper le d\u00e9bat public.<\/strong><\/p><p>r\u00e9servez un film pour votre association en \u00e9crivant \u00e0 info@outsidethe-box.ch<\/p><p>[\/et_pb_text][\/et_pb_column][\/et_pb_row][\/et_pb_section][et_pb_section fb_built=\"1\" _builder_version=\"4.0.6\" custom_padding=\"2px||0px|||\"][et_pb_row use_custom_gutter=\"on\" make_equal=\"on\" _builder_version=\"4.0.6\" custom_padding=\"60px|||||\"][et_pb_column type=\"4_4\" _builder_version=\"4.0.6\"][et_pb_blog include_categories=\"11\" show_author=\"off\" show_date=\"off\" show_categories=\"off\" module_class=\"dt-poster-blog\" _builder_version=\"4.0.7\" header_font=\"|||on|||||\" background_enable_image=\"off\" min_height=\"517px\" custom_padding=\"||2px|||\" animation_style=\"fade\" box_shadow_style_image=\"preset3\"][\/et_pb_blog][\/et_pb_column][\/et_pb_row][\/et_pb_section]<\/p>","_et_gb_content_width":"","footnotes":""},"yoast_head":"<!-- This site is optimized with the Yoast SEO plugin v22.9 - https:\/\/yoast.com\/wordpress\/plugins\/seo\/ -->\n<title>Kids - Outside the Box<\/title>\n<meta name=\"robots\" content=\"index, follow, max-snippet:-1, max-image-preview:large, max-video-preview:-1\" \/>\n<link rel=\"canonical\" href=\"https:\/\/www.outside-thebox.ch\/de\/kids\/\" \/>\n<meta property=\"og:locale\" content=\"de_DE\" \/>\n<meta property=\"og:type\" content=\"article\" \/>\n<meta property=\"og:title\" content=\"Kids - Outside the Box\" \/>\n<meta property=\"og:description\" content=\"Outside the Box Kids, Grosses Kino f\u00fcr die Kleinen\u00a0l\u00e4dt\u00a0Kinder zum Tr\u00e4umen, Lachen und Staunen im Kino ein. Mit unserem\u00a0Kids-Programm sprechen wir die kleinen Kinder (3-6\u00a0Jahre) und ihre\u00a0Eltern, Grosseltern, Freunde und Lehrer*innen an, gemeinsam in die Welt\u00a0der Kinofilme einzutauchen. F\u00fcr jedes \u00a0Filmprogramm\u00a0konzipieren wir Spiel- und Mahlhefte, die das Kinoerlebnis zu Hause oder in\u00a0der\u00a0Schule vorbereiten oder die [&hellip;]\" \/>\n<meta property=\"og:url\" content=\"https:\/\/www.outside-thebox.ch\/de\/kids\/\" \/>\n<meta property=\"og:site_name\" content=\"Outside the Box\" \/>\n<meta property=\"article:modified_time\" content=\"2025-12-19T15:34:25+00:00\" \/>\n<meta name=\"twitter:card\" content=\"summary_large_image\" \/>\n<meta name=\"twitter:label1\" content=\"Gesch\u00e4tzte Lesezeit\" \/>\n\t<meta name=\"twitter:data1\" content=\"23\u00a0Minuten\" \/>\n<script type=\"application\/ld+json\" class=\"yoast-schema-graph\">{\"@context\":\"https:\/\/schema.org\",\"@graph\":[{\"@type\":\"WebPage\",\"@id\":\"https:\/\/www.outside-thebox.ch\/de\/kids\/\",\"url\":\"https:\/\/www.outside-thebox.ch\/de\/kids\/\",\"name\":\"Kids - Outside the Box\",\"isPartOf\":{\"@id\":\"https:\/\/www.outside-thebox.ch\/de\/#website\"},\"datePublished\":\"2020-02-17T13:08:49+00:00\",\"dateModified\":\"2025-12-19T15:34:25+00:00\",\"breadcrumb\":{\"@id\":\"https:\/\/www.outside-thebox.ch\/de\/kids\/#breadcrumb\"},\"inLanguage\":\"de\",\"potentialAction\":[{\"@type\":\"ReadAction\",\"target\":[\"https:\/\/www.outside-thebox.ch\/de\/kids\/\"]}]},{\"@type\":\"BreadcrumbList\",\"@id\":\"https:\/\/www.outside-thebox.ch\/de\/kids\/#breadcrumb\",\"itemListElement\":[{\"@type\":\"ListItem\",\"position\":1,\"name\":\"Accueil\",\"item\":\"https:\/\/www.outside-thebox.ch\/de\/\"},{\"@type\":\"ListItem\",\"position\":2,\"name\":\"Kids\"}]},{\"@type\":\"WebSite\",\"@id\":\"https:\/\/www.outside-thebox.ch\/de\/#website\",\"url\":\"https:\/\/www.outside-thebox.ch\/de\/\",\"name\":\"Outside the Box\",\"description\":\"Maison de distribution de films\",\"potentialAction\":[{\"@type\":\"SearchAction\",\"target\":{\"@type\":\"EntryPoint\",\"urlTemplate\":\"https:\/\/www.outside-thebox.ch\/de\/?s={search_term_string}\"},\"query-input\":\"required name=search_term_string\"}],\"inLanguage\":\"de\"}]}<\/script>\n<!-- \/ Yoast SEO plugin. -->","yoast_head_json":{"title":"Kids - Outside the Box","robots":{"index":"index","follow":"follow","max-snippet":"max-snippet:-1","max-image-preview":"max-image-preview:large","max-video-preview":"max-video-preview:-1"},"canonical":"https:\/\/www.outside-thebox.ch\/de\/kids\/","og_locale":"de_DE","og_type":"article","og_title":"Kids - Outside the Box","og_description":"Outside the Box Kids, Grosses Kino f\u00fcr die Kleinen\u00a0l\u00e4dt\u00a0Kinder zum Tr\u00e4umen, Lachen und Staunen im Kino ein. Mit unserem\u00a0Kids-Programm sprechen wir die kleinen Kinder (3-6\u00a0Jahre) und ihre\u00a0Eltern, Grosseltern, Freunde und Lehrer*innen an, gemeinsam in die Welt\u00a0der Kinofilme einzutauchen. F\u00fcr jedes \u00a0Filmprogramm\u00a0konzipieren wir Spiel- und Mahlhefte, die das Kinoerlebnis zu Hause oder in\u00a0der\u00a0Schule vorbereiten oder die [&hellip;]","og_url":"https:\/\/www.outside-thebox.ch\/de\/kids\/","og_site_name":"Outside the Box","article_modified_time":"2025-12-19T15:34:25+00:00","twitter_card":"summary_large_image","twitter_misc":{"Gesch\u00e4tzte Lesezeit":"23\u00a0Minuten"},"schema":{"@context":"https:\/\/schema.org","@graph":[{"@type":"WebPage","@id":"https:\/\/www.outside-thebox.ch\/de\/kids\/","url":"https:\/\/www.outside-thebox.ch\/de\/kids\/","name":"Kids - Outside the Box","isPartOf":{"@id":"https:\/\/www.outside-thebox.ch\/de\/#website"},"datePublished":"2020-02-17T13:08:49+00:00","dateModified":"2025-12-19T15:34:25+00:00","breadcrumb":{"@id":"https:\/\/www.outside-thebox.ch\/de\/kids\/#breadcrumb"},"inLanguage":"de","potentialAction":[{"@type":"ReadAction","target":["https:\/\/www.outside-thebox.ch\/de\/kids\/"]}]},{"@type":"BreadcrumbList","@id":"https:\/\/www.outside-thebox.ch\/de\/kids\/#breadcrumb","itemListElement":[{"@type":"ListItem","position":1,"name":"Accueil","item":"https:\/\/www.outside-thebox.ch\/de\/"},{"@type":"ListItem","position":2,"name":"Kids"}]},{"@type":"WebSite","@id":"https:\/\/www.outside-thebox.ch\/de\/#website","url":"https:\/\/www.outside-thebox.ch\/de\/","name":"Outside the Box","description":"Maison de distribution de films","potentialAction":[{"@type":"SearchAction","target":{"@type":"EntryPoint","urlTemplate":"https:\/\/www.outside-thebox.ch\/de\/?s={search_term_string}"},"query-input":"required name=search_term_string"}],"inLanguage":"de"}]}},"jetpack_sharing_enabled":true,"_links":{"self":[{"href":"https:\/\/www.outside-thebox.ch\/de\/wp-json\/wp\/v2\/pages\/1573"}],"collection":[{"href":"https:\/\/www.outside-thebox.ch\/de\/wp-json\/wp\/v2\/pages"}],"about":[{"href":"https:\/\/www.outside-thebox.ch\/de\/wp-json\/wp\/v2\/types\/page"}],"author":[{"embeddable":true,"href":"https:\/\/www.outside-thebox.ch\/de\/wp-json\/wp\/v2\/users\/1"}],"replies":[{"embeddable":true,"href":"https:\/\/www.outside-thebox.ch\/de\/wp-json\/wp\/v2\/comments?post=1573"}],"version-history":[{"count":74,"href":"https:\/\/www.outside-thebox.ch\/de\/wp-json\/wp\/v2\/pages\/1573\/revisions"}],"predecessor-version":[{"id":30255,"href":"https:\/\/www.outside-thebox.ch\/de\/wp-json\/wp\/v2\/pages\/1573\/revisions\/30255"}],"wp:attachment":[{"href":"https:\/\/www.outside-thebox.ch\/de\/wp-json\/wp\/v2\/media?parent=1573"}],"curies":[{"name":"wp","href":"https:\/\/api.w.org\/{rel}","templated":true}]}}