{"id":1582,"date":"2019-11-21T15:26:06","date_gmt":"2019-11-21T14:26:06","guid":{"rendered":"https:\/\/www.outside-thebox.ch\/v2\/a-propos\/"},"modified":"2026-01-05T14:12:54","modified_gmt":"2026-01-05T13:12:54","slug":"a-propos","status":"publish","type":"page","link":"https:\/\/www.outside-thebox.ch\/de\/a-propos\/","title":{"rendered":"Contact"},"content":{"rendered":"<p>[et_pb_section fb_built=&#8220;1&#8243; _builder_version=&#8220;4.16&#8243; global_colors_info=&#8220;{}&#8220;][et_pb_row column_structure=&#8220;3_5,2_5&#8243; _builder_version=&#8220;4.16&#8243; width_tablet=&#8220;&#8220; width_phone=&#8220;&#8220; width_last_edited=&#8220;on|desktop&#8220; module_alignment=&#8220;center&#8220; custom_margin=&#8220;|auto||782px||&#8220; global_colors_info=&#8220;{}&#8220;][et_pb_column type=&#8220;3_5&#8243; _builder_version=&#8220;4.16&#8243; global_colors_info=&#8220;{}&#8220;][et_pb_text _builder_version=&#8220;4.16&#8243; custom_padding=&#8220;||1px|||&#8220; global_colors_info=&#8220;{}&#8220;]<\/p>\n<p><span>Outside the Box bringt Filme ins Kino, die anregen, aufregen, anecken und anstecken. Jedem Film\u00a0seine\u00a0Auswertung \u2013 das darf und soll auch u\u0308ber die\u00a0PR-Klassiker hinausgehen. Wenn es passt, treibt\u00a0Outside the\u00a0Box ein Kamel durch Zu\u0308rich, performt\u00a0ganze Premieren mit Schauspielern\u00a0oder l\u00e4sst Botschafter, Prostituierte,\u00a0Runningjunkies, Professoren, Psychoanalytiker, Politiker, Gener\u00e4le, CEO\u2019s, Sportstars, Trolle etc. (alles was das Herz begehrt)\u00a0auf die Zuschauer\u00a0los.<\/span><\/p>\n<p><span><\/span><\/p>\n<div class=\"\"><\/div>\n<div class=\"\">Keine Angst wir machen auch jugendfreie Schul-und Kindervorf\u00fchrungen. Wenn Sie einen Film oder eine Auswertung outside the box suchen sind sie bei uns richtig.<\/div>\n<p>[\/et_pb_text][et_pb_text disabled_on=&#8220;on|on|on&#8220; _builder_version=&#8220;4.16&#8243; custom_padding=&#8220;||1px|||&#8220; disabled=&#8220;on&#8220; global_colors_info=&#8220;{}&#8220;]<\/p>\n<div class=\"\"><a href=\"mailto:info@outside-thebox.ch\" target=\"_blank\" rel=\"noopener noreferrer\"><strong>NEWSLETTER<\/strong><\/a><\/div>\n<div class=\"\">\n<div class=\"\"><a href=\"mailto:info@outside-thebox.ch\" target=\"_blank\" rel=\"noopener noreferrer\">M\u00f6chten Sie \u00fcber\u00a0unsere n\u00e4chsten Kinostarts informiert werden oder an einer Premiere (Post Corona) teilnehmen?<\/a><\/div>\n<div class=\"\"><a href=\"mailto:info@outside-thebox.ch\" target=\"_blank\" rel=\"noopener noreferrer\">Dann schreiben Sie uns eine E-Mail und wir schicken Ihnen unseren Newsletter gern zu.<\/a><\/div>\n<div class=\"\"><\/div>\n<div class=\"\"><span style=\"text-decoration: underline;\"><a href=\"mailto:info@outside-thebox.ch\" target=\"_blank\" rel=\"noopener noreferrer\">E-Mail\u00a0Anmeldung\u00a0<\/a><\/span><\/div>\n<\/div>\n<p>[\/et_pb_text][et_pb_signup mailchimp_list=&#8220;MailChimp OTB|ef4ad69124&#8243; first_name_fullwidth=&#8220;off&#8220; last_name_fullwidth=&#8220;off&#8220; success_message=&#8220;Super!!! Sie erhalten in K\u00fcrze unsere News \u2764\ufe0f&#8220; title=&#8220;NEWSLETTER&#8220; button_text=&#8220;anmelden&#8220; description=&#8220;<\/p>\n<p>M\u00f6chten Sie \u00fcber unsere n\u00e4chsten Kinostarts informiert werden oder an einer Premiere teilnehmen?<\/p>\n<p>&#8220; _builder_version=&#8220;4.20.4&#8243; _module_preset=&#8220;default&#8220; form_field_background_color=&#8220;#e2e2e2&#8243; form_field_text_color=&#8220;#000000&#8243; form_field_focus_background_color=&#8220;#f2f2f2&#8243; background_enable_color=&#8220;off&#8220; background_layout=&#8220;light&#8220; custom_margin=&#8220;0px|0px|0px|0px|false|false&#8220; custom_padding=&#8220;|||0px|false|false&#8220; locked=&#8220;off&#8220; global_colors_info=&#8220;{}&#8220;][\/et_pb_signup][et_pb_social_media_follow url_new_window=&#8220;off&#8220; use_icon_font_size=&#8220;on&#8220; icon_font_size=&#8220;29px&#8220; _builder_version=&#8220;4.20.4&#8243; _module_preset=&#8220;default&#8220; text_orientation=&#8220;center&#8220; custom_padding=&#8220;20px|||20px|false|false&#8220; locked=&#8220;off&#8220; global_colors_info=&#8220;{}&#8220;][et_pb_social_media_follow_network social_network=&#8220;facebook&#8220; url=&#8220;https:\/\/www.facebook.com\/outsidetheboxfilms&#8220; _builder_version=&#8220;4.20.4&#8243; _module_preset=&#8220;default&#8220; background_color=&#8220;#3b5998&#8243; custom_margin=&#8220;|10px|||false|false&#8220; global_colors_info=&#8220;{}&#8220; follow_button=&#8220;off&#8220; url_new_window=&#8220;off&#8220;]facebook[\/et_pb_social_media_follow_network][et_pb_social_media_follow_network social_network=&#8220;instagram&#8220; url=&#8220;https:\/\/www.instagram.com\/outside_the_box_films\/&#8220; _builder_version=&#8220;4.20.4&#8243; _module_preset=&#8220;default&#8220; background_color=&#8220;#ea2c59&#8243; custom_margin=&#8220;|10px|||false|false&#8220; global_colors_info=&#8220;{}&#8220; follow_button=&#8220;off&#8220; url_new_window=&#8220;off&#8220;]instagram[\/et_pb_social_media_follow_network][et_pb_social_media_follow_network social_network=&#8220;tiktok&#8220; url=&#8220;https:\/\/www.tiktok.com\/@outside_the_box_films&#8220; _builder_version=&#8220;4.20.4&#8243; _module_preset=&#8220;default&#8220; background_color=&#8220;#fe2c55&#8243; global_colors_info=&#8220;{}&#8220; follow_button=&#8220;off&#8220; url_new_window=&#8220;off&#8220;]tiktok[\/et_pb_social_media_follow_network][\/et_pb_social_media_follow][\/et_pb_column][et_pb_column type=&#8220;2_5&#8243; _builder_version=&#8220;4.16&#8243; global_colors_info=&#8220;{}&#8220;][et_pb_text _builder_version=&#8220;4.20.4&#8243; global_colors_info=&#8220;{}&#8220;]<\/p>\n<p><strong>OUTSIDE THE BOX<\/strong><br \/>Chemin du Martinet 28<br \/>1007 Lausanne<\/p>\n<p>+41 (0)21 635 14 34<\/p>\n<p>Gerne arbeiten wir mit Ihnen zusammen und organisieren eine Vorf\u00fchrung nach Ihrem Geschmack:<br \/><strong><a href=\"mailto:info@outside-thebox.ch\" target=\"_blank\" rel=\"noopener noreferrer\"><span style=\"text-decoration: underline;\">info(at)outside-thebox.ch<\/span><\/a><\/strong><\/p>\n<p>TVA<br \/>CHE-168.759.363<\/p>\n<p><a href=\"https:\/\/we.tl\/t-peIyd9PdWk\" target=\"_blank\" rel=\"noopener\"><span style=\"text-decoration: underline;\"><strong>Outside the Box Logos zum Download<\/strong><\/span><\/a><\/p>\n<p>[\/et_pb_text][\/et_pb_column][\/et_pb_row][et_pb_row column_structure=&#8220;3_5,2_5&#8243; _builder_version=&#8220;4.16&#8243; width_tablet=&#8220;&#8220; width_phone=&#8220;&#8220; width_last_edited=&#8220;on|tablet&#8220; module_alignment=&#8220;center&#8220; min_height=&#8220;247px&#8220; custom_margin=&#8220;|auto||776px||&#8220; global_colors_info=&#8220;{}&#8220;][et_pb_column type=&#8220;3_5&#8243; _builder_version=&#8220;4.16&#8243; global_colors_info=&#8220;{}&#8220;][et_pb_text _builder_version=&#8220;4.20.4&#8243; hover_enabled=&#8220;0&#8243; inline_fonts=&#8220;Abyssinica SIL&#8220; global_colors_info=&#8220;{}&#8220; sticky_enabled=&#8220;0&#8243;]<\/p>\n<p><strong>VertriebasEinkauf &amp; Administration<br \/><\/strong>Thierry Spicher<br \/><span style=\"text-decoration: underline;\"><a href=\"mailto:thierry@outside-thebox.ch\" target=\"_blank\" rel=\"noopener noreferrer\">thierry(at)outside-thebox.ch<\/a><\/span><\/p>\n<p>&nbsp;<\/p>\n<p><strong style=\"font-size: 15px;\">Programmation, Presse &amp; Marketing<br \/><\/strong><span style=\"font-size: 15px;\">Christian Str\u00f6hle<br \/><span style=\"text-decoration: underline;\"><a href=\"mailto:christian@super-market.ch\" target=\"_blank\" rel=\"noopener noreferrer\">christian(at)super-market.ch<\/a><\/span><\/span><\/p>\n<p>&nbsp;<\/p>\n<p><span style=\"font-size: 15px;\"><strong><b>Marketing und Presse Deutschschweiz<br \/><\/b><\/strong>N\u00faria Gysin<span style=\"text-decoration: underline;\"><strong><br \/><\/strong><a href=\"mailto:nuria@outside-thebox.ch\" target=\"_blank\" rel=\"noopener noreferrer\">nuria(at)outside-thebox.ch<\/a><\/span><\/span><\/p>\n<p><strong><br \/>Programmation &amp; Koordination<br \/><\/strong>Sebastiano Conforti<br \/><span style=\"text-decoration: underline;\"><a href=\"mailto:sebastiano@outside-thebox.ch\" target=\"_blank\" rel=\"noopener noreferrer\">sebastiano(at)outside-thebox.ch<\/a><\/span><\/p>\n<p><b><br \/>Kinderprogramme<br \/><\/b>Laura Grandjean<br \/><span style=\"text-decoration: underline;\"><a href=\"mailto:laura@outside-thebox.ch\" target=\"_blank\" rel=\"noopener noreferrer\">laura(at)outside-thebox.ch<\/a><\/span><\/p>\n<p><strong><br \/>Material &amp; Koordination<br \/><\/strong>Maxime Perrin<br \/><span style=\"text-decoration: underline;\"><a href=\"mailto:maxime@outside-thebox.ch\" target=\"_blank\" rel=\"noopener noreferrer\">maxime(at)outside-thebox.ch<\/a><\/span><\/p>\n<p>&nbsp;<\/p>\n<p><strong>Marketing &amp; Partnerschaften<br \/><\/strong>Carmen R\u00fcck<br \/><span style=\"text-decoration: underline;\"><a href=\"mailto:carmen@outside-thebox.ch\" target=\"_blank\" rel=\"noopener noreferrer\">carmen(at)outside-thebox.ch<\/a><\/span><\/p>\n<p><strong>Verantwortlich f\u00fcr Kommunikation und Filmvertrieb<br \/><\/strong>Nyx Sch\u00fctz<br \/><span style=\"text-decoration: underline;\"><a href=\"mailto:nyx@outside-thebox.ch\" target=\"_blank\" rel=\"noopener noreferrer\">nyx(at)outside-thebox.ch<\/a><\/span><\/p>\n<p><strong>Social Media &amp; Vertriebsassistentin<br \/><\/strong>Piluca Christin<br \/><span style=\"text-decoration: underline;\"><a href=\"mailto:piluca@outside-thebox.ch\" target=\"_blank\" rel=\"noopener noreferrer\">piluca(at)outside-thebox.ch<\/a><\/span><\/p>\n<p><strong>Social Media &amp; Vertriebsassistentin<br \/><\/strong>Anna\u00eblle Poget<br \/><span style=\"text-decoration: underline;\"><a href=\"mailto:annaelle@outside-thebox.ch\" target=\"_blank\" rel=\"noopener noreferrer\">annaelle(at)outside-thebox.ch<\/a><\/span><\/p>\n<p>[\/et_pb_text][\/et_pb_column][et_pb_column type=&#8220;2_5&#8243; _builder_version=&#8220;4.16&#8243; global_colors_info=&#8220;{}&#8220;][\/et_pb_column][\/et_pb_row][et_pb_row column_structure=&#8220;1_2,1_2&#8243; _builder_version=&#8220;4.16&#8243; module_alignment=&#8220;center&#8220; custom_margin=&#8220;|auto||776px||&#8220; module_alignment_tablet=&#8220;center&#8220; module_alignment_phone=&#8220;&#8220; module_alignment_last_edited=&#8220;on|desktop&#8220; global_colors_info=&#8220;{}&#8220;][et_pb_column type=&#8220;1_2&#8243; _builder_version=&#8220;4.16&#8243; global_colors_info=&#8220;{}&#8220;][et_pb_image _builder_version=&#8220;4.16&#8243; global_colors_info=&#8220;{}&#8220;][\/et_pb_image][et_pb_image _builder_version=&#8220;4.16&#8243; global_colors_info=&#8220;{}&#8220;][\/et_pb_image][\/et_pb_column][et_pb_column type=&#8220;1_2&#8243; _builder_version=&#8220;4.16&#8243; global_colors_info=&#8220;{}&#8220;][et_pb_image _builder_version=&#8220;4.16&#8243; global_colors_info=&#8220;{}&#8220;][\/et_pb_image][et_pb_image _builder_version=&#8220;4.16&#8243; global_colors_info=&#8220;{}&#8220;][\/et_pb_image][\/et_pb_column][\/et_pb_row][et_pb_row _builder_version=&#8220;4.16&#8243; module_alignment=&#8220;center&#8220; custom_margin=&#8220;|auto||776px||&#8220; module_alignment_tablet=&#8220;center&#8220; module_alignment_phone=&#8220;center&#8220; module_alignment_last_edited=&#8220;on|phone&#8220; global_colors_info=&#8220;{}&#8220;][et_pb_column type=&#8220;4_4&#8243; _builder_version=&#8220;4.16&#8243; global_colors_info=&#8220;{}&#8220;][et_pb_text _builder_version=&#8220;4.16&#8243; global_colors_info=&#8220;{}&#8220;]<\/p>\n<h1>They trusted us<\/h1>\n<p>[\/et_pb_text][et_pb_image src=&#8220;https:\/\/www.outside-thebox.ch\/v2\/wp-content\/uploads\/2019\/11\/clients.jpg&#8220; _builder_version=&#8220;4.16&#8243; global_colors_info=&#8220;{}&#8220;][\/et_pb_image][\/et_pb_column][\/et_pb_row][\/et_pb_section]<\/p>\n","protected":false},"excerpt":{"rendered":"<p>Outside the Box bringt Filme ins Kino, die anregen, aufregen, anecken und anstecken. Jedem Film\u00a0seine\u00a0Auswertung \u2013 das darf und soll auch u\u0308ber die\u00a0PR-Klassiker hinausgehen. Wenn es passt, treibt\u00a0Outside the\u00a0Box ein Kamel durch Zu\u0308rich, performt\u00a0ganze Premieren mit Schauspielern\u00a0oder l\u00e4sst Botschafter, Prostituierte,\u00a0Runningjunkies, Professoren, Psychoanalytiker, Politiker, Gener\u00e4le, CEO\u2019s, Sportstars, Trolle etc. (alles was das Herz begehrt)\u00a0auf die Zuschauer\u00a0los. [&hellip;]<\/p>\n","protected":false},"author":1,"featured_media":0,"parent":0,"menu_order":6,"comment_status":"closed","ping_status":"closed","template":"","meta":{"_et_pb_use_builder":"on","_et_pb_old_content":"","_et_gb_content_width":"","footnotes":""},"yoast_head":"<!-- This site is optimized with the Yoast SEO plugin v22.9 - https:\/\/yoast.com\/wordpress\/plugins\/seo\/ -->\n<title>Contact - Outside the Box<\/title>\n<meta name=\"robots\" content=\"index, follow, max-snippet:-1, max-image-preview:large, max-video-preview:-1\" \/>\n<link rel=\"canonical\" href=\"https:\/\/www.outside-thebox.ch\/de\/a-propos\/\" \/>\n<meta property=\"og:locale\" content=\"de_DE\" \/>\n<meta property=\"og:type\" content=\"article\" \/>\n<meta property=\"og:title\" content=\"Contact - Outside the Box\" \/>\n<meta property=\"og:description\" content=\"Outside the Box bringt Filme ins Kino, die anregen, aufregen, anecken und anstecken. Jedem Film\u00a0seine\u00a0Auswertung \u2013 das darf und soll auch u\u0308ber die\u00a0PR-Klassiker hinausgehen. Wenn es passt, treibt\u00a0Outside the\u00a0Box ein Kamel durch Zu\u0308rich, performt\u00a0ganze Premieren mit Schauspielern\u00a0oder l\u00e4sst Botschafter, Prostituierte,\u00a0Runningjunkies, Professoren, Psychoanalytiker, Politiker, Gener\u00e4le, CEO\u2019s, Sportstars, Trolle etc. (alles was das Herz begehrt)\u00a0auf die Zuschauer\u00a0los. [&hellip;]\" \/>\n<meta property=\"og:url\" content=\"https:\/\/www.outside-thebox.ch\/de\/a-propos\/\" \/>\n<meta property=\"og:site_name\" content=\"Outside the Box\" \/>\n<meta property=\"article:modified_time\" content=\"2026-01-05T13:12:54+00:00\" \/>\n<meta name=\"twitter:card\" content=\"summary_large_image\" \/>\n<meta name=\"twitter:label1\" content=\"Gesch\u00e4tzte Lesezeit\" \/>\n\t<meta name=\"twitter:data1\" content=\"2\u00a0Minuten\" \/>\n<script type=\"application\/ld+json\" class=\"yoast-schema-graph\">{\"@context\":\"https:\/\/schema.org\",\"@graph\":[{\"@type\":\"WebPage\",\"@id\":\"https:\/\/www.outside-thebox.ch\/de\/a-propos\/\",\"url\":\"https:\/\/www.outside-thebox.ch\/de\/a-propos\/\",\"name\":\"Contact - Outside the Box\",\"isPartOf\":{\"@id\":\"https:\/\/www.outside-thebox.ch\/de\/#website\"},\"datePublished\":\"2019-11-21T14:26:06+00:00\",\"dateModified\":\"2026-01-05T13:12:54+00:00\",\"breadcrumb\":{\"@id\":\"https:\/\/www.outside-thebox.ch\/de\/a-propos\/#breadcrumb\"},\"inLanguage\":\"de\",\"potentialAction\":[{\"@type\":\"ReadAction\",\"target\":[\"https:\/\/www.outside-thebox.ch\/de\/a-propos\/\"]}]},{\"@type\":\"BreadcrumbList\",\"@id\":\"https:\/\/www.outside-thebox.ch\/de\/a-propos\/#breadcrumb\",\"itemListElement\":[{\"@type\":\"ListItem\",\"position\":1,\"name\":\"Accueil\",\"item\":\"https:\/\/www.outside-thebox.ch\/de\/\"},{\"@type\":\"ListItem\",\"position\":2,\"name\":\"Contact\"}]},{\"@type\":\"WebSite\",\"@id\":\"https:\/\/www.outside-thebox.ch\/de\/#website\",\"url\":\"https:\/\/www.outside-thebox.ch\/de\/\",\"name\":\"Outside the Box\",\"description\":\"Maison de distribution de films\",\"potentialAction\":[{\"@type\":\"SearchAction\",\"target\":{\"@type\":\"EntryPoint\",\"urlTemplate\":\"https:\/\/www.outside-thebox.ch\/de\/?s={search_term_string}\"},\"query-input\":\"required name=search_term_string\"}],\"inLanguage\":\"de\"}]}<\/script>\n<!-- \/ Yoast SEO plugin. -->","yoast_head_json":{"title":"Contact - Outside the Box","robots":{"index":"index","follow":"follow","max-snippet":"max-snippet:-1","max-image-preview":"max-image-preview:large","max-video-preview":"max-video-preview:-1"},"canonical":"https:\/\/www.outside-thebox.ch\/de\/a-propos\/","og_locale":"de_DE","og_type":"article","og_title":"Contact - Outside the Box","og_description":"Outside the Box bringt Filme ins Kino, die anregen, aufregen, anecken und anstecken. Jedem Film\u00a0seine\u00a0Auswertung \u2013 das darf und soll auch u\u0308ber die\u00a0PR-Klassiker hinausgehen. Wenn es passt, treibt\u00a0Outside the\u00a0Box ein Kamel durch Zu\u0308rich, performt\u00a0ganze Premieren mit Schauspielern\u00a0oder l\u00e4sst Botschafter, Prostituierte,\u00a0Runningjunkies, Professoren, Psychoanalytiker, Politiker, Gener\u00e4le, CEO\u2019s, Sportstars, Trolle etc. (alles was das Herz begehrt)\u00a0auf die Zuschauer\u00a0los. [&hellip;]","og_url":"https:\/\/www.outside-thebox.ch\/de\/a-propos\/","og_site_name":"Outside the Box","article_modified_time":"2026-01-05T13:12:54+00:00","twitter_card":"summary_large_image","twitter_misc":{"Gesch\u00e4tzte Lesezeit":"2\u00a0Minuten"},"schema":{"@context":"https:\/\/schema.org","@graph":[{"@type":"WebPage","@id":"https:\/\/www.outside-thebox.ch\/de\/a-propos\/","url":"https:\/\/www.outside-thebox.ch\/de\/a-propos\/","name":"Contact - Outside the Box","isPartOf":{"@id":"https:\/\/www.outside-thebox.ch\/de\/#website"},"datePublished":"2019-11-21T14:26:06+00:00","dateModified":"2026-01-05T13:12:54+00:00","breadcrumb":{"@id":"https:\/\/www.outside-thebox.ch\/de\/a-propos\/#breadcrumb"},"inLanguage":"de","potentialAction":[{"@type":"ReadAction","target":["https:\/\/www.outside-thebox.ch\/de\/a-propos\/"]}]},{"@type":"BreadcrumbList","@id":"https:\/\/www.outside-thebox.ch\/de\/a-propos\/#breadcrumb","itemListElement":[{"@type":"ListItem","position":1,"name":"Accueil","item":"https:\/\/www.outside-thebox.ch\/de\/"},{"@type":"ListItem","position":2,"name":"Contact"}]},{"@type":"WebSite","@id":"https:\/\/www.outside-thebox.ch\/de\/#website","url":"https:\/\/www.outside-thebox.ch\/de\/","name":"Outside the Box","description":"Maison de distribution de films","potentialAction":[{"@type":"SearchAction","target":{"@type":"EntryPoint","urlTemplate":"https:\/\/www.outside-thebox.ch\/de\/?s={search_term_string}"},"query-input":"required name=search_term_string"}],"inLanguage":"de"}]}},"jetpack_sharing_enabled":true,"_links":{"self":[{"href":"https:\/\/www.outside-thebox.ch\/de\/wp-json\/wp\/v2\/pages\/1582"}],"collection":[{"href":"https:\/\/www.outside-thebox.ch\/de\/wp-json\/wp\/v2\/pages"}],"about":[{"href":"https:\/\/www.outside-thebox.ch\/de\/wp-json\/wp\/v2\/types\/page"}],"author":[{"embeddable":true,"href":"https:\/\/www.outside-thebox.ch\/de\/wp-json\/wp\/v2\/users\/1"}],"replies":[{"embeddable":true,"href":"https:\/\/www.outside-thebox.ch\/de\/wp-json\/wp\/v2\/comments?post=1582"}],"version-history":[{"count":52,"href":"https:\/\/www.outside-thebox.ch\/de\/wp-json\/wp\/v2\/pages\/1582\/revisions"}],"predecessor-version":[{"id":30291,"href":"https:\/\/www.outside-thebox.ch\/de\/wp-json\/wp\/v2\/pages\/1582\/revisions\/30291"}],"wp:attachment":[{"href":"https:\/\/www.outside-thebox.ch\/de\/wp-json\/wp\/v2\/media?parent=1582"}],"curies":[{"name":"wp","href":"https:\/\/api.w.org\/{rel}","templated":true}]}}